{"id":833,"date":"2023-09-19T14:07:33","date_gmt":"2023-09-19T12:07:33","guid":{"rendered":"https:\/\/fontecelta.codematic.xyz\/contacto\/"},"modified":"2024-01-18T10:48:15","modified_gmt":"2024-01-18T09:48:15","slug":"contacto","status":"publish","type":"page","link":"https:\/\/www.fontecelta.com\/gl\/contacto\/","title":{"rendered":"Contacto"},"content":{"rendered":"\t\t<div data-elementor-type=\"wp-page\" data-elementor-id=\"833\" class=\"elementor elementor-833 elementor-637\" data-elementor-post-type=\"page\">\n\t\t\t\t\t\t<section class=\"elementor-section elementor-top-section elementor-element elementor-element-7becf6b elementor-section-height-min-height elementor-section-boxed elementor-section-height-default elementor-section-items-middle\" data-id=\"7becf6b\" data-element_type=\"section\" data-e-type=\"section\" data-settings=\"{&quot;background_background&quot;:&quot;classic&quot;}\">\n\t\t\t\t\t\t\t<div class=\"elementor-background-overlay\"><\/div>\n\t\t\t\t\t\t\t<div class=\"elementor-container elementor-column-gap-wider\">\n\t\t\t\t\t<div class=\"elementor-column elementor-col-50 elementor-top-column elementor-element elementor-element-1856d99\" data-id=\"1856d99\" data-element_type=\"column\" data-e-type=\"column\">\n\t\t\t<div class=\"elementor-widget-wrap elementor-element-populated\">\n\t\t\t\t\t\t<div class=\"elementor-element elementor-element-d115210 elementor-widget elementor-widget-heading\" data-id=\"d115210\" data-element_type=\"widget\" data-e-type=\"widget\" data-widget_type=\"heading.default\">\n\t\t\t\t<div class=\"elementor-widget-container\">\n\t\t\t\t\t<h2 class=\"elementor-heading-title elementor-size-default\">CONTACTA CON<br>\nN\u00d3S<\/h2>\t\t\t\t<\/div>\n\t\t\t\t<\/div>\n\t\t<div class=\"elementor-element elementor-element-00afeb1 e-flex e-con-boxed e-con e-parent\" data-id=\"00afeb1\" data-element_type=\"container\" data-e-type=\"container\" data-settings=\"{&quot;background_background&quot;:&quot;classic&quot;}\">\n\t\t\t\t\t<div class=\"e-con-inner\">\n\t\t\t\t<div class=\"elementor-element elementor-element-34cc06f elementor-widget elementor-widget-heading\" data-id=\"34cc06f\" data-element_type=\"widget\" data-e-type=\"widget\" data-widget_type=\"heading.default\">\n\t\t\t\t<div class=\"elementor-widget-container\">\n\t\t\t\t\t<h3 class=\"elementor-heading-title elementor-size-default\">L\u00c9MOSTE<\/h3>\t\t\t\t<\/div>\n\t\t\t\t<\/div>\n\t\t\t\t<div class=\"elementor-element elementor-element-5f71c5e elementor-widget elementor-widget-text-editor\" data-id=\"5f71c5e\" data-element_type=\"widget\" data-e-type=\"widget\" data-widget_type=\"text-editor.default\">\n\t\t\t\t<div class=\"elementor-widget-container\">\n\t\t\t\t\t\t\t\t\t<p>D\u00e9ixanos as t\u00faas d\u00fabidas ou comentarios<\/p>\n\t\t\t\t\t\t\t\t<\/div>\n\t\t\t\t<\/div>\n\t\t\t\t<div class=\"elementor-element elementor-element-a63c7da elementor-button-align-start elementor-widget elementor-widget-form\" data-id=\"a63c7da\" data-element_type=\"widget\" data-e-type=\"widget\" data-settings=\"{&quot;step_next_label&quot;:&quot;Seguinte&quot;,&quot;step_previous_label&quot;:&quot;Anterior&quot;,&quot;button_width&quot;:&quot;100&quot;,&quot;step_type&quot;:&quot;number_text&quot;,&quot;step_icon_shape&quot;:&quot;circle&quot;}\" data-widget_type=\"form.default\">\n\t\t\t\t<div class=\"elementor-widget-container\">\n\t\t\t\t\t\t\t<form class=\"elementor-form\" method=\"post\" name=\"Contacto\" aria-label=\"Contacto\">\n\t\t\t<input type=\"hidden\" name=\"post_id\" value=\"833\"\/>\n\t\t\t<input type=\"hidden\" name=\"form_id\" value=\"a63c7da\"\/>\n\t\t\t<input type=\"hidden\" name=\"referer_title\" value=\"Contacto - Fontecelta\" \/>\n\n\t\t\t\t\t\t\t<input type=\"hidden\" name=\"queried_id\" value=\"833\"\/>\n\t\t\t\n\t\t\t<div class=\"elementor-form-fields-wrapper elementor-labels-above\">\n\t\t\t\t\t\t\t\t<div class=\"elementor-field-type-text elementor-field-group elementor-column elementor-field-group-name elementor-col-100 elementor-field-required elementor-mark-required\">\n\t\t\t\t\t\t\t\t\t\t\t\t<label for=\"form-field-name\" class=\"elementor-field-label\">\n\t\t\t\t\t\t\t\tNome\t\t\t\t\t\t\t<\/label>\n\t\t\t\t\t\t\t\t\t\t\t\t\t\t<input size=\"1\" type=\"text\" name=\"form_fields[name]\" id=\"form-field-name\" class=\"elementor-field elementor-size-sm  elementor-field-textual\" required=\"required\">\n\t\t\t\t\t\t\t\t\t\t\t<\/div>\n\t\t\t\t\t\t\t\t<div class=\"elementor-field-type-email elementor-field-group elementor-column elementor-field-group-email elementor-col-100 elementor-field-required elementor-mark-required\">\n\t\t\t\t\t\t\t\t\t\t\t\t<label for=\"form-field-email\" class=\"elementor-field-label\">\n\t\t\t\t\t\t\t\tMail\t\t\t\t\t\t\t<\/label>\n\t\t\t\t\t\t\t\t\t\t\t\t\t\t<input size=\"1\" type=\"email\" name=\"form_fields[email]\" id=\"form-field-email\" class=\"elementor-field elementor-size-sm  elementor-field-textual\" required=\"required\">\n\t\t\t\t\t\t\t\t\t\t\t<\/div>\n\t\t\t\t\t\t\t\t<div class=\"elementor-field-type-select elementor-field-group elementor-column elementor-field-group-seleccionar elementor-col-100 elementor-field-required elementor-mark-required\">\n\t\t\t\t\t\t\t\t\t\t\t\t<label for=\"form-field-seleccionar\" class=\"elementor-field-label\">\n\t\t\t\t\t\t\t\tSelecciona unha opci\u00f3n\t\t\t\t\t\t\t<\/label>\n\t\t\t\t\t\t\t\t<div class=\"elementor-field elementor-select-wrapper remove-before \">\n\t\t\t<div class=\"select-caret-down-wrapper\">\n\t\t\t\t<i aria-hidden=\"true\" class=\"eicon-caret-down\"><\/i>\t\t\t<\/div>\n\t\t\t<select name=\"form_fields[seleccionar]\" id=\"form-field-seleccionar\" class=\"elementor-field-textual elementor-size-sm\" required=\"required\">\n\t\t\t\t\t\t\t\t\t<option value=\"contacto@fontecelta.com\">Dudas ou comentarios<\/option>\n\t\t\t\t\t\t\t\t\t<option value=\"marketing@fontecelta.com\">Patrocinios<\/option>\n\t\t\t\t\t\t\t\t\t<option value=\"marketing@fontecelta.com\">B\u00fasqueda de emprego<\/option>\n\t\t\t\t\t\t\t\t\t<option value=\"contacto@fontecelta.com\">Outros<\/option>\n\t\t\t\t\t\t\t<\/select>\n\t\t<\/div>\n\t\t\t\t\t\t<\/div>\n\t\t\t\t\t\t\t\t<div class=\"elementor-field-type-textarea elementor-field-group elementor-column elementor-field-group-message elementor-col-100 elementor-field-required elementor-mark-required\">\n\t\t\t\t\t\t\t\t\t\t\t\t<label for=\"form-field-message\" class=\"elementor-field-label\">\n\t\t\t\t\t\t\t\tMensaxe\t\t\t\t\t\t\t<\/label>\n\t\t\t\t\t\t<textarea class=\"elementor-field-textual elementor-field  elementor-size-sm\" name=\"form_fields[message]\" id=\"form-field-message\" rows=\"4\" required=\"required\"><\/textarea>\t\t\t\t<\/div>\n\t\t\t\t\t\t\t\t<div class=\"elementor-field-type-acceptance elementor-field-group elementor-column elementor-field-group-field_39fe82f elementor-col-100 elementor-field-required elementor-mark-required\">\n\t\t\t\t\t\t\t<div class=\"elementor-field-subgroup\">\n\t\t\t<span class=\"elementor-field-option\">\n\t\t\t\t<input type=\"checkbox\" name=\"form_fields[field_39fe82f]\" id=\"form-field-field_39fe82f\" class=\"elementor-field elementor-size-sm  elementor-acceptance-field\" required=\"required\">\n\t\t\t\t<label for=\"form-field-field_39fe82f\">Lin e acepto a <a href=\"https:\/\/www.fontecelta.com\/politica-de-privacidad\/\" target=\"_blank\" style=\"text-decoration:underline;\">pol\u00edtica de privacidade<\/a> *<\/label>\t\t\t<\/span>\n\t\t<\/div>\n\t\t\t\t\t\t<\/div>\n\t\t\t\t\t\t\t\t<div class=\"elementor-field-group elementor-column elementor-field-type-submit elementor-col-100 e-form__buttons\">\n\t\t\t\t\t<button class=\"elementor-button elementor-size-md\" type=\"submit\">\n\t\t\t\t\t\t<span class=\"elementor-button-content-wrapper\">\n\t\t\t\t\t\t\t\t\t\t\t\t\t\t\t\t\t\t\t\t\t\t<span class=\"elementor-button-text\">ENVIAR<\/span>\n\t\t\t\t\t\t\t\t\t\t\t\t\t<\/span>\n\t\t\t\t\t<\/button>\n\t\t\t\t<\/div>\n\t\t\t<\/div>\n\t\t<\/form>\n\t\t\t\t\t\t<\/div>\n\t\t\t\t<\/div>\n\t\t\t\t\t<\/div>\n\t\t\t\t<\/div>\n\t\t<div class=\"elementor-element elementor-element-335b91f e-flex e-con-boxed e-con e-parent\" data-id=\"335b91f\" data-element_type=\"container\" data-e-type=\"container\">\n\t\t\t\t\t<div class=\"e-con-inner\">\n\t\t\t\t<div class=\"elementor-element elementor-element-c104c08 elementor-hidden-mobile elementor-view-default elementor-widget elementor-widget-icon\" data-id=\"c104c08\" data-element_type=\"widget\" data-e-type=\"widget\" data-widget_type=\"icon.default\">\n\t\t\t\t<div class=\"elementor-widget-container\">\n\t\t\t\t\t\t\t<div class=\"elementor-icon-wrapper\">\n\t\t\t<div class=\"elementor-icon\">\n\t\t\t<i aria-hidden=\"true\" class=\"fas fa-map-marker-alt\"><\/i>\t\t\t<\/div>\n\t\t<\/div>\n\t\t\t\t\t\t<\/div>\n\t\t\t\t<\/div>\n\t\t\t\t<div class=\"elementor-element elementor-element-6cf6a85 elementor-widget elementor-widget-text-editor\" data-id=\"6cf6a85\" data-element_type=\"widget\" data-e-type=\"widget\" data-widget_type=\"text-editor.default\">\n\t\t\t\t<div class=\"elementor-widget-container\">\n\t\t\t\t\t\t\t\t\t<p><strong>Tel\u00e9fono<\/strong><br \/><a href=\"tel:982538010\">982 53 80 10<\/a><\/p>\n<p><strong>Correo electr\u00f3nico<\/strong><br \/>Env\u00edanos un correo enchendo este formulario ou<br \/>escr\u00edbenos directamente a <a href=\"mailto:contacto@fontecelta.com\">contacto@fontecelta.com<\/a><\/p>\n<p><strong>Algunha proposta interesante?<\/strong><br \/>M\u00f3stranola en <a href=\"mailto:marketing@fontecelta.com\">marketing@fontecelta.com<\/a><\/p>\n<p><strong>Onde estamos?<\/strong><br \/>R\u00faa C\u00e9ltigos, 0. 27600 Sarria, Lugo.<\/p>\n\t\t\t\t\t\t\t\t<\/div>\n\t\t\t\t<\/div>\n\t\t\t\t\t<\/div>\n\t\t\t\t<\/div>\n\t\t\t\t\t<\/div>\n\t\t<\/div>\n\t\t\t\t<div class=\"elementor-column elementor-col-50 elementor-top-column elementor-element elementor-element-1d21fc5\" data-id=\"1d21fc5\" data-element_type=\"column\" data-e-type=\"column\">\n\t\t\t<div class=\"elementor-widget-wrap\">\n\t\t\t\t\t\t\t<\/div>\n\t\t<\/div>\n\t\t\t\t\t<\/div>\n\t\t<\/section>\n\t\t<div class=\"elementor-element elementor-element-1a95309 e-flex e-con-boxed e-con e-parent\" data-id=\"1a95309\" data-element_type=\"container\" data-e-type=\"container\" data-settings=\"{&quot;background_background&quot;:&quot;classic&quot;}\">\n\t\t\t\t\t<div class=\"e-con-inner\">\n\t\t\t\t<div class=\"elementor-element elementor-element-96f0525 elementor-widget elementor-widget-spacer\" data-id=\"96f0525\" data-element_type=\"widget\" data-e-type=\"widget\" data-widget_type=\"spacer.default\">\n\t\t\t\t<div class=\"elementor-widget-container\">\n\t\t\t\t\t\t\t<div class=\"elementor-spacer\">\n\t\t\t<div class=\"elementor-spacer-inner\"><\/div>\n\t\t<\/div>\n\t\t\t\t\t\t<\/div>\n\t\t\t\t<\/div>\n\t\t\t\t\t<\/div>\n\t\t\t\t<\/div>\n\t\t\t\t<\/div>\n\t\t","protected":false},"excerpt":{"rendered":"<p>CONTACTA CON N\u00d3S L\u00c9MOSTE D\u00e9ixanos as t\u00faas d\u00fabidas ou comentarios Tel\u00e9fono982 53 80 10 Correo electr\u00f3nicoEnv\u00edanos un correo enchendo este formulario ouescr\u00edbenos directamente a contacto@fontecelta.com Algunha proposta interesante?M\u00f3stranola en marketing@fontecelta.com Onde estamos?R\u00faa C\u00e9ltigos, 0. 27600 Sarria, Lugo.<\/p>\n","protected":false},"author":1,"featured_media":0,"parent":0,"menu_order":0,"comment_status":"closed","ping_status":"closed","template":"","meta":{"inline_featured_image":false,"footnotes":""},"class_list":["post-833","page","type-page","status-publish","hentry"],"yoast_head":"<!-- This site is optimized with the Yoast SEO plugin v27.4 - https:\/\/yoast.com\/product\/yoast-seo-wordpress\/ -->\n<title>Contacto - Fontecelta<\/title>\n<meta name=\"description\" content=\"Se tes d\u00fabidas, comentarios ou unha proposta interesante, enche o noso formulario de contacto. \u00a1Desde Fontecelta queremos lerte!\" \/>\n<meta name=\"robots\" content=\"index, follow, max-snippet:-1, max-image-preview:large, max-video-preview:-1\" \/>\n<link rel=\"canonical\" href=\"https:\/\/www.fontecelta.com\/gl\/contacto\/\" \/>\n<meta property=\"og:locale\" content=\"gl_ES\" \/>\n<meta property=\"og:type\" content=\"article\" \/>\n<meta property=\"og:title\" content=\"Contacto - Fontecelta\" \/>\n<meta property=\"og:description\" content=\"Se tes d\u00fabidas, comentarios ou unha proposta interesante, enche o noso formulario de contacto. \u00a1Desde Fontecelta queremos lerte!\" \/>\n<meta property=\"og:url\" content=\"https:\/\/www.fontecelta.com\/gl\/contacto\/\" \/>\n<meta property=\"og:site_name\" content=\"Fontecelta\" \/>\n<meta property=\"article:modified_time\" content=\"2024-01-18T09:48:15+00:00\" \/>\n<meta name=\"twitter:card\" content=\"summary_large_image\" \/>\n<script type=\"application\/ld+json\" class=\"yoast-schema-graph\">{\"@context\":\"https:\\\/\\\/schema.org\",\"@graph\":[{\"@type\":\"WebPage\",\"@id\":\"https:\\\/\\\/www.fontecelta.com\\\/gl\\\/contacto\\\/\",\"url\":\"https:\\\/\\\/www.fontecelta.com\\\/gl\\\/contacto\\\/\",\"name\":\"Contacto - Fontecelta\",\"isPartOf\":{\"@id\":\"https:\\\/\\\/www.fontecelta.com\\\/gl\\\/#website\"},\"datePublished\":\"2023-09-19T12:07:33+00:00\",\"dateModified\":\"2024-01-18T09:48:15+00:00\",\"description\":\"Se tes d\u00fabidas, comentarios ou unha proposta interesante, enche o noso formulario de contacto. \u00a1Desde Fontecelta queremos lerte!\",\"breadcrumb\":{\"@id\":\"https:\\\/\\\/www.fontecelta.com\\\/gl\\\/contacto\\\/#breadcrumb\"},\"inLanguage\":\"gl-ES\",\"potentialAction\":[{\"@type\":\"ReadAction\",\"target\":[\"https:\\\/\\\/www.fontecelta.com\\\/gl\\\/contacto\\\/\"]}]},{\"@type\":\"BreadcrumbList\",\"@id\":\"https:\\\/\\\/www.fontecelta.com\\\/gl\\\/contacto\\\/#breadcrumb\",\"itemListElement\":[{\"@type\":\"ListItem\",\"position\":1,\"name\":\"Portada\",\"item\":\"https:\\\/\\\/www.fontecelta.com\\\/gl\\\/\"},{\"@type\":\"ListItem\",\"position\":2,\"name\":\"Contacto\"}]},{\"@type\":\"WebSite\",\"@id\":\"https:\\\/\\\/www.fontecelta.com\\\/gl\\\/#website\",\"url\":\"https:\\\/\\\/www.fontecelta.com\\\/gl\\\/\",\"name\":\"Fontecelta\",\"description\":\"Agua Mineral Natural\",\"potentialAction\":[{\"@type\":\"SearchAction\",\"target\":{\"@type\":\"EntryPoint\",\"urlTemplate\":\"https:\\\/\\\/www.fontecelta.com\\\/gl\\\/?s={search_term_string}\"},\"query-input\":{\"@type\":\"PropertyValueSpecification\",\"valueRequired\":true,\"valueName\":\"search_term_string\"}}],\"inLanguage\":\"gl-ES\"}]}<\/script>\n<!-- \/ Yoast SEO plugin. -->","yoast_head_json":{"title":"Contacto - Fontecelta","description":"Se tes d\u00fabidas, comentarios ou unha proposta interesante, enche o noso formulario de contacto. \u00a1Desde Fontecelta queremos lerte!","robots":{"index":"index","follow":"follow","max-snippet":"max-snippet:-1","max-image-preview":"max-image-preview:large","max-video-preview":"max-video-preview:-1"},"canonical":"https:\/\/www.fontecelta.com\/gl\/contacto\/","og_locale":"gl_ES","og_type":"article","og_title":"Contacto - Fontecelta","og_description":"Se tes d\u00fabidas, comentarios ou unha proposta interesante, enche o noso formulario de contacto. \u00a1Desde Fontecelta queremos lerte!","og_url":"https:\/\/www.fontecelta.com\/gl\/contacto\/","og_site_name":"Fontecelta","article_modified_time":"2024-01-18T09:48:15+00:00","twitter_card":"summary_large_image","schema":{"@context":"https:\/\/schema.org","@graph":[{"@type":"WebPage","@id":"https:\/\/www.fontecelta.com\/gl\/contacto\/","url":"https:\/\/www.fontecelta.com\/gl\/contacto\/","name":"Contacto - Fontecelta","isPartOf":{"@id":"https:\/\/www.fontecelta.com\/gl\/#website"},"datePublished":"2023-09-19T12:07:33+00:00","dateModified":"2024-01-18T09:48:15+00:00","description":"Se tes d\u00fabidas, comentarios ou unha proposta interesante, enche o noso formulario de contacto. \u00a1Desde Fontecelta queremos lerte!","breadcrumb":{"@id":"https:\/\/www.fontecelta.com\/gl\/contacto\/#breadcrumb"},"inLanguage":"gl-ES","potentialAction":[{"@type":"ReadAction","target":["https:\/\/www.fontecelta.com\/gl\/contacto\/"]}]},{"@type":"BreadcrumbList","@id":"https:\/\/www.fontecelta.com\/gl\/contacto\/#breadcrumb","itemListElement":[{"@type":"ListItem","position":1,"name":"Portada","item":"https:\/\/www.fontecelta.com\/gl\/"},{"@type":"ListItem","position":2,"name":"Contacto"}]},{"@type":"WebSite","@id":"https:\/\/www.fontecelta.com\/gl\/#website","url":"https:\/\/www.fontecelta.com\/gl\/","name":"Fontecelta","description":"Agua Mineral Natural","potentialAction":[{"@type":"SearchAction","target":{"@type":"EntryPoint","urlTemplate":"https:\/\/www.fontecelta.com\/gl\/?s={search_term_string}"},"query-input":{"@type":"PropertyValueSpecification","valueRequired":true,"valueName":"search_term_string"}}],"inLanguage":"gl-ES"}]}},"_links":{"self":[{"href":"https:\/\/www.fontecelta.com\/gl\/wp-json\/wp\/v2\/pages\/833","targetHints":{"allow":["GET"]}}],"collection":[{"href":"https:\/\/www.fontecelta.com\/gl\/wp-json\/wp\/v2\/pages"}],"about":[{"href":"https:\/\/www.fontecelta.com\/gl\/wp-json\/wp\/v2\/types\/page"}],"author":[{"embeddable":true,"href":"https:\/\/www.fontecelta.com\/gl\/wp-json\/wp\/v2\/users\/1"}],"replies":[{"embeddable":true,"href":"https:\/\/www.fontecelta.com\/gl\/wp-json\/wp\/v2\/comments?post=833"}],"version-history":[{"count":5,"href":"https:\/\/www.fontecelta.com\/gl\/wp-json\/wp\/v2\/pages\/833\/revisions"}],"predecessor-version":[{"id":1298,"href":"https:\/\/www.fontecelta.com\/gl\/wp-json\/wp\/v2\/pages\/833\/revisions\/1298"}],"wp:attachment":[{"href":"https:\/\/www.fontecelta.com\/gl\/wp-json\/wp\/v2\/media?parent=833"}],"curies":[{"name":"wp","href":"https:\/\/api.w.org\/{rel}","templated":true}]}}